{"id":8283,"date":"2023-01-25T17:40:12","date_gmt":"2023-01-25T16:40:12","guid":{"rendered":"https:\/\/ci.ccediaf.org\/?page_id=8283"},"modified":"2023-01-27T10:27:10","modified_gmt":"2023-01-27T09:27:10","slug":"realisations","status":"publish","type":"page","link":"https:\/\/ci.ccediaf.org\/?page_id=8283","title":{"rendered":"R\u00e9alisations"},"content":{"rendered":"\t\t<div data-elementor-type=\"wp-page\" data-elementor-id=\"8283\" class=\"elementor elementor-8283\">\n\t\t\t\t\t\t<section class=\"elementor-section elementor-top-section elementor-element elementor-element-3657cbdb tm-column-break-ipad-yes tm-col-stretched-none elementor-section-boxed elementor-section-height-default elementor-section-height-default\" data-id=\"3657cbdb\" data-element_type=\"section\">\n\t\t\t\t\t\t<div class=\"elementor-container elementor-column-gap-default\">\n\t\t\t\t\t<div class=\"elementor-column elementor-col-50 elementor-top-column elementor-element elementor-element-38743cf9\" data-id=\"38743cf9\" data-element_type=\"column\">\n\t\t\t<div class=\"elementor-widget-wrap elementor-element-populated\">\n\t\t\t\t\t\t<div class=\"elementor-element elementor-element-1fc3e44d elementor-widget elementor-widget-image\" data-id=\"1fc3e44d\" data-element_type=\"widget\" data-widget_type=\"image.default\">\n\t\t\t\t<div class=\"elementor-widget-container\">\n\t\t\t<style>\/*! elementor - v3.21.0 - 26-05-2024 *\/\n.elementor-widget-image{text-align:center}.elementor-widget-image a{display:inline-block}.elementor-widget-image a img[src$=\".svg\"]{width:48px}.elementor-widget-image img{vertical-align:middle;display:inline-block}<\/style>\t\t\t\t\t\t\t\t\t\t<img fetchpriority=\"high\" decoding=\"async\" width=\"768\" height=\"1024\" src=\"https:\/\/ci.ccediaf.org\/wp-content\/uploads\/2023\/01\/IMG-20230116-WA0012-768x1024.jpg\" class=\"attachment-large size-large wp-image-8260\" alt=\"\" srcset=\"https:\/\/ci.ccediaf.org\/wp-content\/uploads\/2023\/01\/IMG-20230116-WA0012-768x1024.jpg 768w, https:\/\/ci.ccediaf.org\/wp-content\/uploads\/2023\/01\/IMG-20230116-WA0012-225x300.jpg 225w, https:\/\/ci.ccediaf.org\/wp-content\/uploads\/2023\/01\/IMG-20230116-WA0012-450x600.jpg 450w, https:\/\/ci.ccediaf.org\/wp-content\/uploads\/2023\/01\/IMG-20230116-WA0012.jpg 960w\" sizes=\"(max-width: 768px) 100vw, 768px\" data-id=\"8260\" \/>\t\t\t\t\t\t\t\t\t\t\t\t\t<\/div>\n\t\t\t\t<\/div>\n\t\t\t\t\t<\/div>\n\t\t<\/div>\n\t\t\t\t<div class=\"elementor-column elementor-col-50 elementor-top-column elementor-element elementor-element-648ec405\" data-id=\"648ec405\" data-element_type=\"column\">\n\t\t\t<div class=\"elementor-widget-wrap elementor-element-populated\">\n\t\t\t\t\t\t<div class=\"elementor-element elementor-element-e0e80d8 tm-align-left elementor-widget elementor-widget-tm_heading\" data-id=\"e0e80d8\" data-element_type=\"widget\" data-widget_type=\"tm_heading.default\">\n\t\t\t\t<div class=\"elementor-widget-container\">\n\t\t\t<div class=\"tm-element-heading-content-wrapper left-align tm-reverse-heading-yes tm-seperator-solid  tm-heading-style-vertical \"><div class=\"tm-content-header\"><h2 class=\"tm-element-content-heading tm-custom-heading \">\n\t\t\t\tNOS REALISATIONS\n\t\t\t<\/h2>\n\t\t<div class=\"heading-seperator\"><span><\/span><\/div><\/div><\/div>\t\t<\/div>\n\t\t\t\t<\/div>\n\t\t\t\t<div class=\"elementor-element elementor-element-0b12c0b elementor-widget elementor-widget-text-editor\" data-id=\"0b12c0b\" data-element_type=\"widget\" data-widget_type=\"text-editor.default\">\n\t\t\t\t<div class=\"elementor-widget-container\">\n\t\t\t<style>\/*! elementor - v3.21.0 - 26-05-2024 *\/\n.elementor-widget-text-editor.elementor-drop-cap-view-stacked .elementor-drop-cap{background-color:#69727d;color:#fff}.elementor-widget-text-editor.elementor-drop-cap-view-framed .elementor-drop-cap{color:#69727d;border:3px solid;background-color:transparent}.elementor-widget-text-editor:not(.elementor-drop-cap-view-default) .elementor-drop-cap{margin-top:8px}.elementor-widget-text-editor:not(.elementor-drop-cap-view-default) .elementor-drop-cap-letter{width:1em;height:1em}.elementor-widget-text-editor .elementor-drop-cap{float:left;text-align:center;line-height:1;font-size:50px}.elementor-widget-text-editor .elementor-drop-cap-letter{display:inline-block}<\/style>\t\t\t\t<p style=\"text-align: justify;\"><span style=\"color: #000000;\">Dans le cadre de l\u2019am\u00e9lioration de l\u2019environnement des affaires pour les membres de la diaspora, le CCEDIAF a men\u00e9 plusieurs s\u00e9ances de travail avec le Minist\u00e8re des Affaires Etrang\u00e8res et d\u2019autres fa\u00eeti\u00e8res qui ont conduit aux mesures suivantes :<\/span><\/p><p style=\"text-align: justify;\"><span style=\"color: #000000;\">la cr\u00e9ation d\u2019un guichet Unique de la diaspora.<\/span><\/p><p style=\"text-align: justify;\"><span style=\"color: #000000;\">la mise en place d\u2019une plateforme pour la cr\u00e9ation d\u2019entreprise \u00e0 distance.<\/span><\/p><p style=\"text-align: justify;\"><span style=\"color: #000000;\">la mise en place d\u2019une cellule d\u2019assistance \u00e0 la diaspora dans le cadre de leurs activit\u00e9s \u00e9conomiques.<\/span><\/p><p style=\"text-align: justify;\"><span style=\"color: #000000;\">ainsi que plusieurs autres mesures pour faciliter l\u2019investissement de la diaspora.<\/span><\/p><p style=\"text-align: justify;\"><span style=\"color: #000000;\">Le CCEDIAF a lanc\u00e9 en novembre 2022, sa plateforme Investir en C\u00f4te d\u2019Ivoire pour am\u00e9liorer et intensifier l\u2019investissement dans toutes les r\u00e9gions de la C\u00f4te d\u2019Ivoire.<\/span><\/p><p style=\"text-align: justify;\"><span style=\"color: #000000;\">Un accord-cadre avec le FSA pour accompagner toute la diaspora ivoirienne dans leurs projets d\u2019investissement.<\/span><\/p>\t\t\t\t\t\t<\/div>\n\t\t\t\t<\/div>\n\t\t\t\t<div class=\"elementor-element elementor-element-0ea2b1b elementor-widget-divider--view-line elementor-widget elementor-widget-divider\" data-id=\"0ea2b1b\" data-element_type=\"widget\" data-widget_type=\"divider.default\">\n\t\t\t\t<div class=\"elementor-widget-container\">\n\t\t\t<style>\/*! elementor - v3.21.0 - 26-05-2024 *\/\n.elementor-widget-divider{--divider-border-style:none;--divider-border-width:1px;--divider-color:#0c0d0e;--divider-icon-size:20px;--divider-element-spacing:10px;--divider-pattern-height:24px;--divider-pattern-size:20px;--divider-pattern-url:none;--divider-pattern-repeat:repeat-x}.elementor-widget-divider .elementor-divider{display:flex}.elementor-widget-divider .elementor-divider__text{font-size:15px;line-height:1;max-width:95%}.elementor-widget-divider .elementor-divider__element{margin:0 var(--divider-element-spacing);flex-shrink:0}.elementor-widget-divider .elementor-icon{font-size:var(--divider-icon-size)}.elementor-widget-divider .elementor-divider-separator{display:flex;margin:0;direction:ltr}.elementor-widget-divider--view-line_icon .elementor-divider-separator,.elementor-widget-divider--view-line_text .elementor-divider-separator{align-items:center}.elementor-widget-divider--view-line_icon .elementor-divider-separator:after,.elementor-widget-divider--view-line_icon .elementor-divider-separator:before,.elementor-widget-divider--view-line_text .elementor-divider-separator:after,.elementor-widget-divider--view-line_text .elementor-divider-separator:before{display:block;content:\"\";border-block-end:0;flex-grow:1;border-block-start:var(--divider-border-width) var(--divider-border-style) var(--divider-color)}.elementor-widget-divider--element-align-left .elementor-divider .elementor-divider-separator>.elementor-divider__svg:first-of-type{flex-grow:0;flex-shrink:100}.elementor-widget-divider--element-align-left .elementor-divider-separator:before{content:none}.elementor-widget-divider--element-align-left .elementor-divider__element{margin-left:0}.elementor-widget-divider--element-align-right .elementor-divider .elementor-divider-separator>.elementor-divider__svg:last-of-type{flex-grow:0;flex-shrink:100}.elementor-widget-divider--element-align-right .elementor-divider-separator:after{content:none}.elementor-widget-divider--element-align-right .elementor-divider__element{margin-right:0}.elementor-widget-divider--element-align-start .elementor-divider .elementor-divider-separator>.elementor-divider__svg:first-of-type{flex-grow:0;flex-shrink:100}.elementor-widget-divider--element-align-start .elementor-divider-separator:before{content:none}.elementor-widget-divider--element-align-start .elementor-divider__element{margin-inline-start:0}.elementor-widget-divider--element-align-end .elementor-divider .elementor-divider-separator>.elementor-divider__svg:last-of-type{flex-grow:0;flex-shrink:100}.elementor-widget-divider--element-align-end .elementor-divider-separator:after{content:none}.elementor-widget-divider--element-align-end .elementor-divider__element{margin-inline-end:0}.elementor-widget-divider:not(.elementor-widget-divider--view-line_text):not(.elementor-widget-divider--view-line_icon) .elementor-divider-separator{border-block-start:var(--divider-border-width) var(--divider-border-style) var(--divider-color)}.elementor-widget-divider--separator-type-pattern{--divider-border-style:none}.elementor-widget-divider--separator-type-pattern.elementor-widget-divider--view-line .elementor-divider-separator,.elementor-widget-divider--separator-type-pattern:not(.elementor-widget-divider--view-line) .elementor-divider-separator:after,.elementor-widget-divider--separator-type-pattern:not(.elementor-widget-divider--view-line) .elementor-divider-separator:before,.elementor-widget-divider--separator-type-pattern:not([class*=elementor-widget-divider--view]) .elementor-divider-separator{width:100%;min-height:var(--divider-pattern-height);-webkit-mask-size:var(--divider-pattern-size) 100%;mask-size:var(--divider-pattern-size) 100%;-webkit-mask-repeat:var(--divider-pattern-repeat);mask-repeat:var(--divider-pattern-repeat);background-color:var(--divider-color);-webkit-mask-image:var(--divider-pattern-url);mask-image:var(--divider-pattern-url)}.elementor-widget-divider--no-spacing{--divider-pattern-size:auto}.elementor-widget-divider--bg-round{--divider-pattern-repeat:round}.rtl .elementor-widget-divider .elementor-divider__text{direction:rtl}.e-con-inner>.elementor-widget-divider,.e-con>.elementor-widget-divider{width:var(--container-widget-width,100%);--flex-grow:var(--container-widget-flex-grow)}<\/style>\t\t<div class=\"elementor-divider\">\n\t\t\t<span class=\"elementor-divider-separator\">\n\t\t\t\t\t\t<\/span>\n\t\t<\/div>\n\t\t\t\t<\/div>\n\t\t\t\t<\/div>\n\t\t\t\t\t<\/div>\n\t\t<\/div>\n\t\t\t\t\t<\/div>\n\t\t<\/section>\n\t\t\t\t<\/div>\n\t\t","protected":false},"excerpt":{"rendered":"<p>NOS REALISATIONS Dans le cadre de l\u2019am\u00e9lioration de l\u2019environnement des affaires pour les membres de la diaspora, le CCEDIAF a men\u00e9 plusieurs s\u00e9ances de travail avec le Minist\u00e8re des Affaires Etrang\u00e8res et d\u2019autres fa\u00eeti\u00e8res qui ont conduit aux mesures suivantes : la cr\u00e9ation d\u2019un guichet Unique de la diaspora. la mise en place d\u2019une plateforme &hellip; <a href=\"https:\/\/ci.ccediaf.org\/?page_id=8283\" class=\"more-link\">Continue reading <span class=\"screen-reader-text\">R\u00e9alisations<\/span><\/a><\/p>\n","protected":false},"author":87,"featured_media":0,"parent":0,"menu_order":0,"comment_status":"closed","ping_status":"closed","template":"","meta":{"_monsterinsights_skip_tracking":false,"_monsterinsights_sitenote_active":false,"_monsterinsights_sitenote_note":"","_monsterinsights_sitenote_category":0,"_view_id":"","footnotes":""},"class_list":["post-8283","page","type-page","status-publish","hentry"],"_links":{"self":[{"href":"https:\/\/ci.ccediaf.org\/index.php?rest_route=\/wp\/v2\/pages\/8283"}],"collection":[{"href":"https:\/\/ci.ccediaf.org\/index.php?rest_route=\/wp\/v2\/pages"}],"about":[{"href":"https:\/\/ci.ccediaf.org\/index.php?rest_route=\/wp\/v2\/types\/page"}],"author":[{"embeddable":true,"href":"https:\/\/ci.ccediaf.org\/index.php?rest_route=\/wp\/v2\/users\/87"}],"replies":[{"embeddable":true,"href":"https:\/\/ci.ccediaf.org\/index.php?rest_route=%2Fwp%2Fv2%2Fcomments&post=8283"}],"version-history":[{"count":20,"href":"https:\/\/ci.ccediaf.org\/index.php?rest_route=\/wp\/v2\/pages\/8283\/revisions"}],"predecessor-version":[{"id":8508,"href":"https:\/\/ci.ccediaf.org\/index.php?rest_route=\/wp\/v2\/pages\/8283\/revisions\/8508"}],"wp:attachment":[{"href":"https:\/\/ci.ccediaf.org\/index.php?rest_route=%2Fwp%2Fv2%2Fmedia&parent=8283"}],"curies":[{"name":"wp","href":"https:\/\/api.w.org\/{rel}","templated":true}]}}